{"id":998,"date":"2023-10-22T02:41:32","date_gmt":"2023-10-22T02:41:32","guid":{"rendered":"http:\/\/localhost\/indostio\/?page_id=998"},"modified":"2024-05-31T13:55:08","modified_gmt":"2024-05-31T13:55:08","slug":"diventa-rivenditore","status":"publish","type":"page","link":"https:\/\/www.worldpelletcompany.com\/?page_id=998","title":{"rendered":"Diventa Rivenditore"},"content":{"rendered":"\t\t<div data-elementor-type=\"wp-page\" data-elementor-id=\"998\" class=\"elementor elementor-998\">\n\t\t\t\t<div class=\"elementor-element elementor-element-79c18af7 e-flex e-con-boxed e-con e-parent\" data-id=\"79c18af7\" data-element_type=\"container\" data-e-type=\"container\" data-settings=\"{&quot;background_background&quot;:&quot;classic&quot;}\">\n\t\t\t\t\t<div class=\"e-con-inner\">\n\t\t\t\t<div class=\"elementor-element elementor-element-473e1081 elementor-widget elementor-widget-heading\" data-id=\"473e1081\" data-element_type=\"widget\" data-e-type=\"widget\" data-widget_type=\"heading.default\">\n\t\t\t\t<div class=\"elementor-widget-container\">\n\t\t\t\t\t<h1 class=\"elementor-heading-title elementor-size-default\">Diventa Rivenditore<\/h1>\t\t\t\t<\/div>\n\t\t\t\t<\/div>\n\t\t\t\t\t<\/div>\n\t\t\t\t<\/div>\n\t\t<div class=\"elementor-element elementor-element-adc0976 e-flex e-con-boxed e-con e-parent\" data-id=\"adc0976\" data-element_type=\"container\" data-e-type=\"container\" data-settings=\"{&quot;background_background&quot;:&quot;classic&quot;}\">\n\t\t\t\t\t<div class=\"e-con-inner\">\n\t\t<div class=\"elementor-element elementor-element-5a363e6 e-flex e-con-boxed e-con e-child\" data-id=\"5a363e6\" data-element_type=\"container\" data-e-type=\"container\">\n\t\t\t\t\t<div class=\"e-con-inner\">\n\t\t\t\t<div class=\"elementor-element elementor-element-eb2a356 elementor-widget elementor-widget-indostio-section-title\" data-id=\"eb2a356\" data-element_type=\"widget\" data-e-type=\"widget\" data-widget_type=\"indostio-section-title.default\">\n\t\t\t\t<div class=\"elementor-widget-container\">\n\t\t\t\t\t\t\t<div class=\"indostio-section-title\">\r\n\t\t\t\t<div class=\"indostio-section-title__content\">\r\n\t\t\t\t\t\t\t\t\t\t\t<span class=\"indostio-section-title_subheading\">\/\/ Rivenditori in Italia e Europa<\/span>\r\n\t\t\t\t\t\t\t\t\t\t<h2 class=\"indostio-section-title_heading\">\r\n\t\t\t\t\t\tVendendo le nostre soluzioni, gestisci in autonomia la tua attivit\u00e0 e massimizzi le vendite grazie alla nostra esperienza.\t\t\t\t\t<\/h2>\r\n\t\t\t\t\t\t\t\t\t<\/div>\r\n\t\t\t\t\t\t\t<\/div>\r\n\t\t\t\t\t\t<\/div>\n\t\t\t\t<\/div>\n\t\t\t\t<div class=\"elementor-element elementor-element-b9df4ca elementor-widget elementor-widget-text-editor\" data-id=\"b9df4ca\" data-element_type=\"widget\" data-e-type=\"widget\" data-widget_type=\"text-editor.default\">\n\t\t\t\t<div class=\"elementor-widget-container\">\n\t\t\t\t\t\t\t\t\t<p>Professionalit\u00e0, affidabilit\u00e0, seriet\u00e0, competenza, ricerca e sviluppo sono le nostre priorit\u00e0 per assicurare ai rivenditori la sicurezza e la garanzia dei nostri prodotti. I nostri prodotti sono tutti certificati nel rispetto delle normative relative alle Certificazioni EN PLUS A1.<\/p><p>OLTRE AL NOSTRO PRODOTTO IN ESCLUSIVA Garantiamo standard qualitativi elevatissimi a partire da Grandi Brands noti e riconosciuti per le loro caratteristiche di prestazioni termiche.<\/p>\t\t\t\t\t\t\t\t<\/div>\n\t\t\t\t<\/div>\n\t\t\t\t\t<\/div>\n\t\t\t\t<\/div>\n\t\t<div class=\"elementor-element elementor-element-e716033 e-flex e-con-boxed e-con e-child\" data-id=\"e716033\" data-element_type=\"container\" data-e-type=\"container\">\n\t\t\t\t\t<div class=\"e-con-inner\">\n\t\t\t\t<div class=\"elementor-element elementor-element-0a16f58 elementor-hidden-desktop elementor-hidden-tablet elementor-widget elementor-widget-wpforms\" data-id=\"0a16f58\" data-element_type=\"widget\" data-e-type=\"widget\" data-widget_type=\"wpforms.default\">\n\t\t\t\t<div class=\"elementor-widget-container\">\n\t\t\t\t\t<style id=\"wpforms-css-vars-elementor-widget-0a16f58\">\n\t\t\t\t.elementor-widget-wpforms.elementor-element-0a16f58 {\n\t\t\t\t--wpforms-field-text-color: #000000FA;\n--wpforms-button-background-color: #4FAA36;\n--wpforms-label-color: #FFFFFFD9;\n--wpforms-field-size-input-height: 31px;\n--wpforms-field-size-input-spacing: 10px;\n--wpforms-field-size-font-size: 14px;\n--wpforms-field-size-line-height: 17px;\n--wpforms-field-size-padding-h: 9px;\n--wpforms-field-size-checkbox-size: 14px;\n--wpforms-field-size-sublabel-spacing: 5px;\n--wpforms-field-size-icon-size: 0.75;\n--wpforms-label-size-font-size: 14px;\n--wpforms-label-size-line-height: 17px;\n--wpforms-label-size-sublabel-font-size: 13px;\n--wpforms-label-size-sublabel-line-height: 16px;\n--wpforms-button-size-font-size: 14px;\n--wpforms-button-size-height: 37px;\n--wpforms-button-size-padding-h: 15px;\n--wpforms-button-size-margin-top: 5px;\n\t\t\t}\n\t\t\t<\/style><div class=\"wpforms-container wpforms-container-full wpforms-render-modern\" id=\"wpforms-3542\"><form id=\"wpforms-form-3542\" class=\"wpforms-validate wpforms-form wpforms-ajax-form\" data-formid=\"3542\" method=\"post\" enctype=\"multipart\/form-data\" action=\"\/index.php?rest_route=%2Fwp%2Fv2%2Fpages%2F998\" data-token=\"3a3af35c2e318c2c622d61f47357f4fe\" data-token-time=\"1776852102\"><noscript class=\"wpforms-error-noscript\">Abilita JavaScript nel browser per completare questo modulo.<\/noscript><div id=\"wpforms-error-noscript\" style=\"display: none;\">Abilita JavaScript nel browser per completare questo modulo.<\/div><div class=\"wpforms-field-container\"><div id=\"wpforms-3542-field_0-container\" class=\"wpforms-field wpforms-field-name\" data-field-id=\"0\"><fieldset><legend class=\"wpforms-field-label wpforms-label-hide\" aria-hidden=\"false\">Nome Azienda e P.Iva <span class=\"wpforms-required-label\" aria-hidden=\"true\">*<\/span><\/legend><div class=\"wpforms-field-row wpforms-field-large\"><div class=\"wpforms-field-row-block wpforms-first wpforms-one-half\"><input type=\"text\" id=\"wpforms-3542-field_0\" class=\"wpforms-field-name-first wpforms-field-required\" name=\"wpforms[fields][0][first]\" placeholder=\"Nome Azienda\" aria-errormessage=\"wpforms-3542-field_0-error\" required><label for=\"wpforms-3542-field_0\" class=\"wpforms-field-sublabel after wpforms-sublabel-hide\">Nome<\/label><\/div><div class=\"wpforms-field-row-block wpforms-one-half\"><input type=\"text\" id=\"wpforms-3542-field_0-last\" class=\"wpforms-field-name-last wpforms-field-required\" name=\"wpforms[fields][0][last]\" placeholder=\"P.Iva\" aria-errormessage=\"wpforms-3542-field_0-last-error\" required><label for=\"wpforms-3542-field_0-last\" class=\"wpforms-field-sublabel after wpforms-sublabel-hide\">Cognome<\/label><\/div><\/div><\/fieldset><\/div><div id=\"wpforms-3542-field_5-container\" class=\"wpforms-field wpforms-field-name\" data-field-id=\"5\"><fieldset><legend class=\"wpforms-field-label wpforms-label-hide\" aria-hidden=\"false\">Indirizzo - Cap - Citt\u00e0 <span class=\"wpforms-required-label\" aria-hidden=\"true\">*<\/span><\/legend><div class=\"wpforms-field-row wpforms-field-large\"><div class=\"wpforms-field-row-block wpforms-first wpforms-two-fifths\"><input type=\"text\" id=\"wpforms-3542-field_5\" class=\"wpforms-field-name-first wpforms-field-required\" name=\"wpforms[fields][5][first]\" placeholder=\"Indirizzo\" aria-errormessage=\"wpforms-3542-field_5-error\" required><label for=\"wpforms-3542-field_5\" class=\"wpforms-field-sublabel after wpforms-sublabel-hide\">Nome<\/label><\/div><div class=\"wpforms-field-row-block wpforms-one-fifth\"><input type=\"text\" id=\"wpforms-3542-field_5-middle\" class=\"wpforms-field-name-middle\" name=\"wpforms[fields][5][middle]\" placeholder=\"Cap\" aria-errormessage=\"wpforms-3542-field_5-middle-error\" ><label for=\"wpforms-3542-field_5-middle\" class=\"wpforms-field-sublabel after wpforms-sublabel-hide\">Medio<\/label><\/div><div class=\"wpforms-field-row-block wpforms-two-fifths\"><input type=\"text\" id=\"wpforms-3542-field_5-last\" class=\"wpforms-field-name-last wpforms-field-required\" name=\"wpforms[fields][5][last]\" placeholder=\"Citt\u00e0\" aria-errormessage=\"wpforms-3542-field_5-last-error\" required><label for=\"wpforms-3542-field_5-last\" class=\"wpforms-field-sublabel after wpforms-sublabel-hide\">Cognome<\/label><\/div><\/div><\/fieldset><\/div><div id=\"wpforms-3542-field_6-container\" class=\"wpforms-field wpforms-field-number\" data-field-id=\"6\"><label class=\"wpforms-field-label wpforms-label-hide\" for=\"wpforms-3542-field_6\" aria-hidden=\"false\">Telefono <span class=\"wpforms-required-label\" aria-hidden=\"true\">*<\/span><\/label><input type=\"number\" id=\"wpforms-3542-field_6\" class=\"wpforms-field-large wpforms-field-required\" name=\"wpforms[fields][6]\" placeholder=\"Telefono\" step=\"any\" aria-errormessage=\"wpforms-3542-field_6-error\" required><\/div><div id=\"wpforms-3542-field_4-container\" class=\"wpforms-field wpforms-field-select wpforms-field-select-style-classic\" data-field-id=\"4\"><label class=\"wpforms-field-label wpforms-label-hide\" for=\"wpforms-3542-field_4\" aria-hidden=\"false\">Rivenditore <span class=\"wpforms-required-label\" aria-hidden=\"true\">*<\/span><\/label><select id=\"wpforms-3542-field_4\" class=\"wpforms-field-large wpforms-field-required\" name=\"wpforms[fields][4]\" required=\"required\"><option value=\"\" class=\"placeholder\" disabled  selected='selected'>Rivenditore Italia o Europa?<\/option><option value=\"Rivenditore Italia\"  class=\"choice-1 depth-1\"  >Rivenditore Italia<\/option><option value=\"Rivenditore Europa\"  class=\"choice-2 depth-1\"  >Rivenditore Europa<\/option><\/select><\/div><div id=\"wpforms-3542-field_1-container\" class=\"wpforms-field wpforms-field-email\" data-field-id=\"1\"><label class=\"wpforms-field-label wpforms-label-hide\" for=\"wpforms-3542-field_1\" aria-hidden=\"false\">Email <span class=\"wpforms-required-label\" aria-hidden=\"true\">*<\/span><\/label><input type=\"email\" id=\"wpforms-3542-field_1\" class=\"wpforms-field-large wpforms-field-required\" name=\"wpforms[fields][1]\" placeholder=\"Email\" spellcheck=\"false\" aria-errormessage=\"wpforms-3542-field_1-error\" required><\/div><div id=\"wpforms-3542-field_2-container\" class=\"wpforms-field wpforms-field-textarea\" data-field-id=\"2\"><label class=\"wpforms-field-label wpforms-label-hide\" for=\"wpforms-3542-field_2\" aria-hidden=\"false\">Commento<\/label><textarea id=\"wpforms-3542-field_2\" class=\"wpforms-field-medium\" name=\"wpforms[fields][2]\" placeholder=\"Commento\" aria-errormessage=\"wpforms-3542-field_2-error\" ><\/textarea><\/div><div id=\"wpforms-3542-field_7-container\" class=\"wpforms-field wpforms-field-checkbox\" data-field-id=\"7\"><fieldset><legend class=\"wpforms-field-label wpforms-label-hide\" aria-hidden=\"false\">Privacy <span class=\"wpforms-required-label\" aria-hidden=\"true\">*<\/span><\/legend><ul id=\"wpforms-3542-field_7\" class=\"wpforms-field-required\"><li class=\"choice-1 depth-1\"><input type=\"checkbox\" id=\"wpforms-3542-field_7_1\" name=\"wpforms[fields][7][]\" value=\"Autorizzo il trattamento dei miei dati personali in conformit\u00e0 al D.Lgs 196\/2003.\" aria-errormessage=\"wpforms-3542-field_7_1-error\" required ><label class=\"wpforms-field-label-inline\" for=\"wpforms-3542-field_7_1\">Autorizzo il trattamento dei miei dati personali in conformit\u00e0 al D.Lgs 196\/2003.<\/label><\/li><\/ul><\/fieldset><\/div><\/div><!-- .wpforms-field-container --><div class=\"wpforms-submit-container\" ><input type=\"hidden\" name=\"wpforms[id]\" value=\"3542\"><input type=\"hidden\" name=\"page_title\" value=\"\"><input type=\"hidden\" name=\"page_url\" value=\"https:\/\/www.worldpelletcompany.com\/index.php?rest_route=\/wp\/v2\/pages\/998\"><input type=\"hidden\" name=\"url_referer\" value=\"\"><button type=\"submit\" name=\"wpforms[submit]\" id=\"wpforms-submit-3542\" class=\"wpforms-submit\" data-alt-text=\"Invio in corso...\" data-submit-text=\"Invia messaggio\" aria-live=\"assertive\" value=\"wpforms-submit\">Invia messaggio<\/button><img decoding=\"async\" src=\"https:\/\/www.worldpelletcompany.com\/wp-content\/plugins\/wpforms-lite\/assets\/images\/submit-spin.svg\" class=\"wpforms-submit-spinner\" style=\"display: none;\" width=\"26\" height=\"26\" alt=\"Caricamento\"><\/div><\/form><\/div>  <!-- .wpforms-container -->\t\t\t\t<\/div>\n\t\t\t\t<\/div>\n\t\t\t\t<div class=\"elementor-element elementor-element-78e8077 elementor-hidden-mobile elementor-widget elementor-widget-wpforms\" data-id=\"78e8077\" data-element_type=\"widget\" data-e-type=\"widget\" data-widget_type=\"wpforms.default\">\n\t\t\t\t<div class=\"elementor-widget-container\">\n\t\t\t\t\t<style id=\"wpforms-css-vars-elementor-widget-78e8077\">\n\t\t\t\t.elementor-widget-wpforms.elementor-element-78e8077 {\n\t\t\t\t--wpforms-field-text-color: #000000FA;\n--wpforms-button-background-color: #4FAA36;\n--wpforms-label-color: #FFFFFFD9;\n--wpforms-label-size-font-size: 14px;\n--wpforms-label-size-line-height: 17px;\n--wpforms-label-size-sublabel-font-size: 13px;\n--wpforms-label-size-sublabel-line-height: 16px;\n\t\t\t}\n\t\t\t<\/style><div class=\"wpforms-container wpforms-container-full wpforms-render-modern\" id=\"wpforms-3542\"><form id=\"wpforms-form-3542\" class=\"wpforms-validate wpforms-form wpforms-ajax-form\" data-formid=\"3542\" method=\"post\" enctype=\"multipart\/form-data\" action=\"\/index.php?rest_route=%2Fwp%2Fv2%2Fpages%2F998\" data-token=\"3a3af35c2e318c2c622d61f47357f4fe\" data-token-time=\"1776852102\"><noscript class=\"wpforms-error-noscript\">Abilita JavaScript nel browser per completare questo modulo.<\/noscript><div id=\"wpforms-error-noscript\" style=\"display: none;\">Abilita JavaScript nel browser per completare questo modulo.<\/div><div class=\"wpforms-field-container\"><div id=\"wpforms-3542-field_0-container\" class=\"wpforms-field wpforms-field-name\" data-field-id=\"0\"><fieldset><legend class=\"wpforms-field-label wpforms-label-hide\" aria-hidden=\"false\">Nome Azienda e P.Iva <span class=\"wpforms-required-label\" aria-hidden=\"true\">*<\/span><\/legend><div class=\"wpforms-field-row wpforms-field-large\"><div class=\"wpforms-field-row-block wpforms-first wpforms-one-half\"><input type=\"text\" id=\"wpforms-3542-field_0\" class=\"wpforms-field-name-first wpforms-field-required\" name=\"wpforms[fields][0][first]\" placeholder=\"Nome Azienda\" aria-errormessage=\"wpforms-3542-field_0-error\" required><label for=\"wpforms-3542-field_0\" class=\"wpforms-field-sublabel after wpforms-sublabel-hide\">Nome<\/label><\/div><div class=\"wpforms-field-row-block wpforms-one-half\"><input type=\"text\" id=\"wpforms-3542-field_0-last\" class=\"wpforms-field-name-last wpforms-field-required\" name=\"wpforms[fields][0][last]\" placeholder=\"P.Iva\" aria-errormessage=\"wpforms-3542-field_0-last-error\" required><label for=\"wpforms-3542-field_0-last\" class=\"wpforms-field-sublabel after wpforms-sublabel-hide\">Cognome<\/label><\/div><\/div><\/fieldset><\/div><div id=\"wpforms-3542-field_5-container\" class=\"wpforms-field wpforms-field-name\" data-field-id=\"5\"><fieldset><legend class=\"wpforms-field-label wpforms-label-hide\" aria-hidden=\"false\">Indirizzo - Cap - Citt\u00e0 <span class=\"wpforms-required-label\" aria-hidden=\"true\">*<\/span><\/legend><div class=\"wpforms-field-row wpforms-field-large\"><div class=\"wpforms-field-row-block wpforms-first wpforms-two-fifths\"><input type=\"text\" id=\"wpforms-3542-field_5\" class=\"wpforms-field-name-first wpforms-field-required\" name=\"wpforms[fields][5][first]\" placeholder=\"Indirizzo\" aria-errormessage=\"wpforms-3542-field_5-error\" required><label for=\"wpforms-3542-field_5\" class=\"wpforms-field-sublabel after wpforms-sublabel-hide\">Nome<\/label><\/div><div class=\"wpforms-field-row-block wpforms-one-fifth\"><input type=\"text\" id=\"wpforms-3542-field_5-middle\" class=\"wpforms-field-name-middle\" name=\"wpforms[fields][5][middle]\" placeholder=\"Cap\" aria-errormessage=\"wpforms-3542-field_5-middle-error\" ><label for=\"wpforms-3542-field_5-middle\" class=\"wpforms-field-sublabel after wpforms-sublabel-hide\">Medio<\/label><\/div><div class=\"wpforms-field-row-block wpforms-two-fifths\"><input type=\"text\" id=\"wpforms-3542-field_5-last\" class=\"wpforms-field-name-last wpforms-field-required\" name=\"wpforms[fields][5][last]\" placeholder=\"Citt\u00e0\" aria-errormessage=\"wpforms-3542-field_5-last-error\" required><label for=\"wpforms-3542-field_5-last\" class=\"wpforms-field-sublabel after wpforms-sublabel-hide\">Cognome<\/label><\/div><\/div><\/fieldset><\/div><div id=\"wpforms-3542-field_6-container\" class=\"wpforms-field wpforms-field-number\" data-field-id=\"6\"><label class=\"wpforms-field-label wpforms-label-hide\" for=\"wpforms-3542-field_6\" aria-hidden=\"false\">Telefono <span class=\"wpforms-required-label\" aria-hidden=\"true\">*<\/span><\/label><input type=\"number\" id=\"wpforms-3542-field_6\" class=\"wpforms-field-large wpforms-field-required\" name=\"wpforms[fields][6]\" placeholder=\"Telefono\" step=\"any\" aria-errormessage=\"wpforms-3542-field_6-error\" required><\/div><div id=\"wpforms-3542-field_4-container\" class=\"wpforms-field wpforms-field-select wpforms-field-select-style-classic\" data-field-id=\"4\"><label class=\"wpforms-field-label wpforms-label-hide\" for=\"wpforms-3542-field_4\" aria-hidden=\"false\">Rivenditore <span class=\"wpforms-required-label\" aria-hidden=\"true\">*<\/span><\/label><select id=\"wpforms-3542-field_4\" class=\"wpforms-field-large wpforms-field-required\" name=\"wpforms[fields][4]\" required=\"required\"><option value=\"\" class=\"placeholder\" disabled  selected='selected'>Rivenditore Italia o Europa?<\/option><option value=\"Rivenditore Italia\"  class=\"choice-1 depth-1\"  >Rivenditore Italia<\/option><option value=\"Rivenditore Europa\"  class=\"choice-2 depth-1\"  >Rivenditore Europa<\/option><\/select><\/div><div id=\"wpforms-3542-field_1-container\" class=\"wpforms-field wpforms-field-email\" data-field-id=\"1\"><label class=\"wpforms-field-label wpforms-label-hide\" for=\"wpforms-3542-field_1\" aria-hidden=\"false\">Email <span class=\"wpforms-required-label\" aria-hidden=\"true\">*<\/span><\/label><input type=\"email\" id=\"wpforms-3542-field_1\" class=\"wpforms-field-large wpforms-field-required\" name=\"wpforms[fields][1]\" placeholder=\"Email\" spellcheck=\"false\" aria-errormessage=\"wpforms-3542-field_1-error\" required><\/div><div id=\"wpforms-3542-field_2-container\" class=\"wpforms-field wpforms-field-textarea\" data-field-id=\"2\"><label class=\"wpforms-field-label wpforms-label-hide\" for=\"wpforms-3542-field_2\" aria-hidden=\"false\">Commento<\/label><textarea id=\"wpforms-3542-field_2\" class=\"wpforms-field-medium\" name=\"wpforms[fields][2]\" placeholder=\"Commento\" aria-errormessage=\"wpforms-3542-field_2-error\" ><\/textarea><\/div><div id=\"wpforms-3542-field_7-container\" class=\"wpforms-field wpforms-field-checkbox\" data-field-id=\"7\"><fieldset><legend class=\"wpforms-field-label wpforms-label-hide\" aria-hidden=\"false\">Privacy <span class=\"wpforms-required-label\" aria-hidden=\"true\">*<\/span><\/legend><ul id=\"wpforms-3542-field_7\" class=\"wpforms-field-required\"><li class=\"choice-1 depth-1\"><input type=\"checkbox\" id=\"wpforms-3542-field_7_1\" name=\"wpforms[fields][7][]\" value=\"Autorizzo il trattamento dei miei dati personali in conformit\u00e0 al D.Lgs 196\/2003.\" aria-errormessage=\"wpforms-3542-field_7_1-error\" required ><label class=\"wpforms-field-label-inline\" for=\"wpforms-3542-field_7_1\">Autorizzo il trattamento dei miei dati personali in conformit\u00e0 al D.Lgs 196\/2003.<\/label><\/li><\/ul><\/fieldset><\/div><\/div><!-- .wpforms-field-container --><div class=\"wpforms-submit-container\" ><input type=\"hidden\" name=\"wpforms[id]\" value=\"3542\"><input type=\"hidden\" name=\"page_title\" value=\"\"><input type=\"hidden\" name=\"page_url\" value=\"https:\/\/www.worldpelletcompany.com\/index.php?rest_route=\/wp\/v2\/pages\/998\"><input type=\"hidden\" name=\"url_referer\" value=\"\"><button type=\"submit\" name=\"wpforms[submit]\" id=\"wpforms-submit-3542\" class=\"wpforms-submit\" data-alt-text=\"Invio in corso...\" data-submit-text=\"Invia messaggio\" aria-live=\"assertive\" value=\"wpforms-submit\">Invia messaggio<\/button><img decoding=\"async\" src=\"https:\/\/www.worldpelletcompany.com\/wp-content\/plugins\/wpforms-lite\/assets\/images\/submit-spin.svg\" class=\"wpforms-submit-spinner\" style=\"display: none;\" width=\"26\" height=\"26\" alt=\"Caricamento\"><\/div><\/form><\/div>  <!-- .wpforms-container -->\t\t\t\t<\/div>\n\t\t\t\t<\/div>\n\t\t\t\t\t<\/div>\n\t\t\t\t<\/div>\n\t\t\t\t\t<\/div>\n\t\t\t\t<\/div>\n\t\t<div class=\"elementor-element elementor-element-5c53f8f e-con-full e-flex e-con e-parent\" data-id=\"5c53f8f\" data-element_type=\"container\" data-e-type=\"container\" data-settings=\"{&quot;background_background&quot;:&quot;classic&quot;}\">\n\t\t\t\t<\/div>\n\t\t\t\t<\/div>\n\t\t","protected":false},"excerpt":{"rendered":"<p>Diventa Rivenditore \/\/ Rivenditori in Italia e Europa Vendendo le nostre soluzioni, gestisci in autonomia la tua attivit\u00e0 e massimizzi le vendite grazie alla nostra esperienza. Professionalit\u00e0, affidabilit\u00e0, seriet\u00e0, competenza, ricerca e sviluppo sono le nostre priorit\u00e0 per assicurare ai rivenditori la sicurezza e la garanzia dei nostri prodotti. I nostri prodotti sono tutti certificati [&hellip;]<\/p>\n","protected":false},"author":1,"featured_media":0,"parent":0,"menu_order":0,"comment_status":"closed","ping_status":"closed","template":"","meta":{"footnotes":""},"class_list":["post-998","page","type-page","status-publish","hentry"],"_links":{"self":[{"href":"https:\/\/www.worldpelletcompany.com\/index.php?rest_route=\/wp\/v2\/pages\/998","targetHints":{"allow":["GET"]}}],"collection":[{"href":"https:\/\/www.worldpelletcompany.com\/index.php?rest_route=\/wp\/v2\/pages"}],"about":[{"href":"https:\/\/www.worldpelletcompany.com\/index.php?rest_route=\/wp\/v2\/types\/page"}],"author":[{"embeddable":true,"href":"https:\/\/www.worldpelletcompany.com\/index.php?rest_route=\/wp\/v2\/users\/1"}],"replies":[{"embeddable":true,"href":"https:\/\/www.worldpelletcompany.com\/index.php?rest_route=%2Fwp%2Fv2%2Fcomments&post=998"}],"version-history":[{"count":51,"href":"https:\/\/www.worldpelletcompany.com\/index.php?rest_route=\/wp\/v2\/pages\/998\/revisions"}],"predecessor-version":[{"id":3726,"href":"https:\/\/www.worldpelletcompany.com\/index.php?rest_route=\/wp\/v2\/pages\/998\/revisions\/3726"}],"wp:attachment":[{"href":"https:\/\/www.worldpelletcompany.com\/index.php?rest_route=%2Fwp%2Fv2%2Fmedia&parent=998"}],"curies":[{"name":"wp","href":"https:\/\/api.w.org\/{rel}","templated":true}]}}