{"id":3183,"date":"2024-05-27T18:12:00","date_gmt":"2024-05-27T18:12:00","guid":{"rendered":"https:\/\/www.worldpelletcompany.com\/?page_id=3183"},"modified":"2024-05-27T18:15:15","modified_gmt":"2024-05-27T18:15:15","slug":"privacy-cookie-policy","status":"publish","type":"page","link":"https:\/\/www.worldpelletcompany.com\/?page_id=3183","title":{"rendered":"Privacy &#038; Cookie Policy"},"content":{"rendered":"\t\t<div data-elementor-type=\"wp-page\" data-elementor-id=\"3183\" class=\"elementor elementor-3183\">\n\t\t\t\t<div class=\"elementor-element elementor-element-68bee82 e-flex e-con-boxed e-con e-parent\" data-id=\"68bee82\" data-element_type=\"container\" data-e-type=\"container\">\n\t\t\t\t\t<div class=\"e-con-inner\">\n\t\t\t\t<div class=\"elementor-element elementor-element-3ddc716 elementor-widget elementor-widget-text-editor\" data-id=\"3ddc716\" data-element_type=\"widget\" data-e-type=\"widget\" data-widget_type=\"text-editor.default\">\n\t\t\t\t<div class=\"elementor-widget-container\">\n\t\t\t\t\t\t\t\t\t<p>Questa pagina raccoglie dati personali dei propri utenti.<\/p><p><strong>Titolare del trattamento dei dati: <\/strong>Distribuito in Europa Trans Service 2018 EOOD Bul.Dimitrov BL.38 &#8211; 01172 Sofia Bulgaria<\/p><p>Vat BG-205123763<\/p><p><strong>Indirizzo email del titolare: <\/strong>mailto:worldpelletcompany@gmail.com<\/p><p><strong>Tipologia di dati raccolti<\/strong><\/p><p>Fra i dati personali raccolti da questa pagina web ed elencati in questa pagina di\u00a0<em>privacy policy<\/em>, in modo autonomo o tramite terze parti, ci sono:\u00a0<em>cookie,\u00a0<\/em>dati di utilizzo, username, email, password, nome, sesso, data di nascita, professione, stato, citt\u00e0 e cognome.<\/p><p>Dettagli completi su ciascuna tipologia di dati raccolti sono forniti nelle sezioni dedicate di questa\u00a0<em>privacy policy<\/em>\u00a0o mediante specifici testi informativi.<\/p><p>I dati personali possono essere liberamente forniti dall\u2019utente o, nel caso di dati di utilizzo, raccolti automaticamente durante l\u2019uso di questa applicazione. Tutti i dati richiesti da questa applicazione sono obbligatori e, in mancanza del loro conferimento, potrebbe essere impossibile per questa, fornire il servizio. Nei casi in cui questa applicazione indichi alcuni dati come facoltativi, gli utenti sono liberi di astenersi dal comunicare tali dati, senza che ci\u00f2 abbia alcuna conseguenza sulla disponibilit\u00e0 del servizio o sulla sua operativit\u00e0.<\/p><p>Gli utenti che dovessero avere dubbi su quali dati siano obbligatori, sono incoraggiati a contattare il titolare. L\u2019eventuale utilizzo di\u00a0<em>cookie<\/em>\u00a0\u2013 o di altri strumenti di tracciamento \u2013 da parte di questa pagina o dei titolari dei servizi terzi utilizzati da questa applicazione, ove non diversamente precisato, ha la finalit\u00e0 di fornire il servizio richiesto dall\u2019utente, oltre alle ulteriori finalit\u00e0 descritte nel presente documento e nella\u00a0<em>cookie policy<\/em>, se disponibile.<\/p><p>L\u2019utente si assume la responsabilit\u00e0 dei dati personali di terzi pubblicati o condivisi mediante questa applicazione e garantisce di avere il diritto di comunicarli o diffonderli, liberando il titolare da qualsiasi responsabilit\u00e0 verso terzi.<\/p><p><strong>Modalit\u00e0 e luogo del trattamento dei dati raccolti<\/strong><\/p><ul><li><strong>Modalit\u00e0 di trattamento<\/strong><\/li><\/ul><p>Il titolare tratta i dati personali degli utenti adottando le opportune misure di sicurezza volte ad impedire l\u2019accesso, la divulgazione, la modifica o la distruzione non autorizzate dei dati personali. Il trattamento viene effettuato mediante strumenti informatici e\/o telematici, con modalit\u00e0 organizzative e con logiche strettamente correlate alle finalit\u00e0 indicate. Oltre al titolare, in alcuni casi, potrebbero avere accesso ai dati categorie di incaricati coinvolti nell\u2019organizzazione del sito (personale amministrativo, commerciale, marketing, legali, amministratori di sistema) ovvero soggetti esterni (come fornitori di servizi tecnici terzi, corrieri postali,\u00a0<em>hosting provider<\/em>, societ\u00e0 informatiche\u2026) nominati anche, se necessario, responsabili del trattamento da parte del titolare. L\u2019elenco aggiornato dei responsabili potr\u00e0 sempre essere richiesto al titolare del trattamento.<\/p><p><strong>Base giuridica del trattamento<\/strong><\/p><p>Il Titolare tratta dati personali relativi all\u2019utente in caso sussista una delle seguenti condizioni:<\/p><p>l\u2019utente ha prestato il consenso per una o pi\u00f9 finalit\u00e0 specifiche; Nota: in alcuni ordinamenti il titolare pu\u00f2 essere autorizzato a trattare Dati personali senza che debba sussistere il consenso dell\u2019utente o un\u2019altra delle basi giuridiche specificate di seguito, fino a quando l\u2019utente non si opponga (\u201copt-out\u201d) a tale trattamento. Ci\u00f2 non \u00e8 tuttavia applicabile qualora il trattamento di dati personali sia regolato dalla legislazione europea in materia di protezione dei dati personali.<\/p><ul><li>Il trattamento \u00e8 necessario all\u2019esecuzione di un contratto con l\u2019utente e\/o all\u2019esecuzione di misure precontrattuali;<\/li><li>Il trattamento \u00e8 necessario per adempiere un obbligo legale al quale \u00e8 soggetto il titolare;<\/li><li>Il trattamento \u00e8 necessario per l\u2019esecuzione di un compito di interesse pubblico o per l\u2019esercizio di pubblici poteri di cui \u00e8 investito il titolare;<\/li><li>Il trattamento \u00e8 necessario per il perseguimento del legittimo interesse del titolare o di terzi.<\/li><\/ul><p>\u00c8 comunque sempre possibile richiedere al titolare di chiarire la concreta base giuridica di ciascun trattamento ed in particolare di specificare se il trattamento sia basato sulla legge, previsto da un contratto o necessario per concludere un contratto.<\/p><p><strong>Luogo\u00a0<\/strong>I dati sono trattati presso le sedi operative del titolare ed in ogni altro luogo in cui le parti coinvolte nel trattamento siano localizzate. Per ulteriori informazioni, contatta il titolare. I dati personali dell\u2019utente potrebbero essere trasferiti in un paese diverso da quello in cui l\u2019utente si trova. Per ottenere ulteriori informazioni sul luogo del trattamento l\u2019utente pu\u00f2 fare riferimento alla sezione relativa ai dettagli sul trattamento dei dati personali.<\/p><p>L\u2019utente ha diritto a ottenere informazioni in merito alla base giuridica del trasferimento di dati al di fuori dell\u2019Unione Europea o ad un\u2019organizzazione internazionale di diritto internazionale pubblico o costituita da due o pi\u00f9 paesi, come ad esempio l\u2019ONU, nonch\u00e9 in merito alle misure di sicurezza adottate dal Titolare per proteggere i dati.<\/p><p>Qualora abbia luogo uno dei trasferimenti appena descritti, l\u2019utente pu\u00f2 fare riferimento alle rispettive sezioni di questo documento o chiedere informazioni al titolare contattandolo agli estremi riportati in apertura.<\/p><p><strong>Periodo di conservazione<\/strong><\/p><p>I dati sono trattati e conservati per il tempo richiesto dalle finalit\u00e0 per le quali sono stati raccolti. L\u2019utente pu\u00f2 sempre chiedere l\u2019interruzione del Trattamento o la cancellazione dei Dati.<\/p><p><strong>Pertanto:<\/strong><\/p><p>I dati personali raccolti per scopi collegati all\u2019esecuzione di un contratto tra il titolare e l\u2019utente saranno trattenuti sino a quando sia completata l\u2019esecuzione di tale contratto. I dati personali raccolti per finalit\u00e0 riconducibili all\u2019interesse legittimo del titolare saranno trattenuti sino al soddisfacimento di tale interesse. L\u2019utente pu\u00f2 ottenere ulteriori informazioni in merito all\u2019interesse legittimo perseguito dal titolare nelle relative sezioni di questo documento o contattando il Titolare. Quando il trattamento \u00e8 basato sul consenso dell\u2019utente, il titolare pu\u00f2 conservare i dati personali pi\u00f9 a lungo sino a quando detto consenso non venga revocato. Inoltre il titolare potrebbe essere obbligato a conservare i dati personali per un periodo pi\u00f9 lungo in ottemperanza ad un obbligo di legge o per ordine di un\u2019autorit\u00e0.<\/p><p>Al termine del periodo di conservazioni i dati personali saranno cancellati. Pertanto, allo spirare di tale termine il diritto di accesso, cancellazione, rettificazione ed il diritto alla portabilit\u00e0 dei dati non potranno pi\u00f9 essere esercitati.<\/p><p><strong>Finalit\u00e0 del Trattamento dei dati raccolti<\/strong><\/p><p>Statistica, Interazione con social network e piattaforme esterne, Pubblicit\u00e0, Registrazione ed autenticazione, Contattare l\u2019Utente, Visualizzazione di contenuti da piattaforme esterne, Accesso agli account su servizi terzi, Affiliazione commerciale, Commento dei contenuti, Protezione dallo SPAM e Ottimizzazione e distribuzione del traffico.<\/p><p>Per ottenere ulteriori informazioni dettagliate sulle finalit\u00e0 del trattamento e sui dati personali concretamente rilevanti per ciascuna finalit\u00e0, l\u2019utente pu\u00f2 fare riferimento alle relative sezioni di questo documento.<\/p><p>Per maggiori informazioni sui permessi che seguono, fai riferimento alla\u00a0<a href=\"https:\/\/developers.facebook.com\/docs\/authentication\/permissions\/\">documentazione dei permessi Facebook<\/a>\u00a0ed alla\u00a0<a href=\"https:\/\/www.facebook.com\/about\/privacy\/\">privacy policy di Facebook<\/a>.<\/p><p><strong>Dettagli sul trattamento dei dati personali<\/strong><\/p><p>I dati personali sono raccolti per le seguenti finalit\u00e0 ed utilizzando i seguenti\u00a0servizi. Questi\u00a0tipi di servizi permettono di effettuare interazioni con i social network, o con altre piattaforme esterne, direttamente dalle pagine di questa Applicazione. Le interazioni e le informazioni acquisite da questa Applicazione sono in ogni caso soggette alle impostazioni privacy dell\u2019Utente relative ad ogni social network. Nel caso in cui sia installato un servizio di interazione con i social network, \u00e8 possibile che, anche nel caso gli Utenti non utilizzino il servizio, lo stesso raccolga dati di traffico relativi alle pagine in cui \u00e8 installato.<\/p><p>Pulsante Mi Piace e widget sociali di Facebook (Facebook, Inc.)<\/p><p>Il pulsante \u201cMi Piace\u201d e i widget sociali di Facebook sono servizi di interazione con il social network Facebook, forniti da Facebook, Inc.<\/p><p>Dati Personali raccolti: Cookie e Dati di utilizzo.<\/p><p>Luogo del trattamento: USA \u2013\u00a0<a href=\"https:\/\/www.facebook.com\/privacy\/explanation\">Privacy Policy<\/a>.<\/p><p>___<\/p><p>Pulsante Mi Piace e widget sociali di Instagram (Instagram, Inc.)<\/p><p>Il pulsante \u201cMi Piace\u201d e i widget sociali di Instagram sono servizi di interazione con il social network Instagram, forniti da Instagram, Inc.<\/p><p>Dati Personali raccolti: Cookie e Dati di utilizzo.<\/p><p>Luogo del trattamento: USA \u2013\u00a0<a href=\"https:\/\/help.instagram.com\/519522125107875?helpref=page_content\">Privacy Policy<\/a>.<\/p><p><strong>Google Fonts (Google Inc.)<\/strong>\u00a0Google Fonts \u00e8 un servizio di visualizzazione di stili di carattere gestito da Google Inc. che permette a questo sito web di integrare tali contenuti all\u2019interno delle proprie pagine.<\/p><p><strong>Dati personali raccolti:<\/strong>\u00a0dati di utilizzo e varie tipologie di dati secondo quanto specificato dalla\u00a0<em>privacy policy<\/em>\u00a0del servizio.\u00a0<strong>Luogo del trattamento:<\/strong>\u00a0USA \u2013\u00a0<a href=\"https:\/\/policies.google.com\/privacy?hl=policies&amp;gl=it\">Privacy Policy<\/a>.<\/p><p>L\u2019Utente, compilando con i propri Dati il modulo di contatto, acconsente al loro utilizzo per rispondere alle richieste di informazioni, di preventivo, o di qualunque altra natura indicata dall\u2019intestazione del modulo.<\/p><p>Dati Personali raccolti: nome, cognome, email e numero di\u00a0telefono. I\u00a0servizi contenuti nella presente sezione permettono al titolare del trattamento di monitorare e analizzare i dati di traffico e servono a tener traccia del comportamento dell\u2019utente.<\/p><p><strong>Google Analytics (Google Inc.)<\/strong>\u00a0Google Analytics \u00e8 un servizio di analisi web fornito da Google Inc. (\u201cGoogle\u201d). Google utilizza i dati personali raccolti allo scopo di tracciare ed esaminare l\u2019utilizzo di questo Sito Web, compilare report e condividerli con gli altri servizi sviluppati da Google. Google potrebbe utilizzare i dati personali per contestualizzare e personalizzare gli annunci del proprio\u00a0<em>network<\/em>\u00a0pubblicitario.<\/p><p><strong>Dati personali raccolti:<\/strong>\u00a0<em>cookie<\/em>\u00a0e dati di utilizzo.\u00a0<strong>Luogo del trattamento:<\/strong>\u00a0Stati Uniti \u2013\u00a0<a href=\"https:\/\/policies.google.com\/privacy?hl=it\">Privacy Policy \u2013 Opt Out<\/a>. Soggetto aderente al Privacy Shield.<\/p><p><strong>Google Analytics con IP anonimizzato (Google Inc.)<\/strong>\u00a0Google Analytics \u00e8 un servizio di analisi web fornito da Google Inc. (\u201cGoogle\u201d). Google utilizza i dati personali raccolti allo scopo di tracciare ed esaminare l\u2019utilizzo di questo sito web, compilare\u00a0<em>report<\/em>\u00a0e condividerli con gli altri servizi sviluppati da Google. Google potrebbe utilizzare i dati personali per contestualizzare e personalizzare gli annunci del proprio<em>\u00a0network<\/em>\u00a0pubblicitario. Questa integrazione di Google Analytics rende anonimo il tuo indirizzo IP. L\u2019anonimizzazione funziona abbreviando entro i confini degli stati membri dell\u2019Unione Europea o in altri paesi aderenti all\u2019accordo sullo Spazio Economico Europeo l\u2019indirizzo IP degli utenti. Solo in casi eccezionali, l\u2019indirizzo IP sar\u00e0 inviato ai server di Google ed abbreviato all\u2019interno degli Stati Uniti.<\/p><p><strong>Dati personali raccolti:<\/strong>\u00a0<em>cookie<\/em>\u00a0e dati di utilizzo.\u00a0<strong>Luogo del trattamento:<\/strong>\u00a0Stati Uniti \u2013\u00a0<a href=\"https:\/\/policies.google.com\/privacy?hl=it\">Privacy Policy \u2013 Opt Out<\/a>. Soggetto aderente al Privacy\u00a0Shield.I\u00a0dati personali raccolti sono utilizzati per l\u2019erogazione di servizi all\u2019utente. inclusi il pagamento e l\u2019eventuale consegna. I dati personali raccolti per perfezionare il pagamento possono essere quelli relativi alla carta di credito, al conto corrente utilizzato per il bonifico o ad altri strumenti di pagamento previsti. I dati di pagamento raccolti da questo sito web dipendono dal sistema di pagamento utilizzato.<\/p><p><strong>Finalit\u00e0<\/strong>:<\/p><p>Con la registrazione o l\u2019autenticazione l\u2019Utente consente all\u2019Applicazione di indentificarlo e di dargli accesso a servizi dedicati. A seconda di quanto indicato di seguito, i servizi di registrazione e di autenticazione potrebbero essere forniti con l\u2019ausilio di terze parti. Qualora questo avvenga, questa applicazione potr\u00e0 accedere ad alcuni Dati conservati dal servizio terzo usato per la registrazione o l\u2019identificazione.<\/p><p>Registrazione diretta (Questa Applicazione)<\/p><p>L\u2019Utente si registra compilando il modulo di registrazione e fornendo direttamente a questa Applicazione i propri Dati Personali.<\/p><p>Dati Personali raccolti: citt\u00e0, data di nascita, email, nome, password, professione, sesso, stato, username e varie tipologie di Dati secondo quanto specificato dalla privacy policy del servizio.<\/p><p><strong>Diritti dell\u2019Utente<\/strong><\/p><p>Gli Utenti possono esercitare determinati diritti con riferimento ai dati trattati dal titolare.<\/p><p>In particolare, l\u2019utente ha il diritto di:<\/p><ul><li>Revocare il consenso in ogni momento. L\u2019utente pu\u00f2 revocare il consenso al trattamento dei propri dati personali precedentemente espresso.<\/li><li>Opporsi al trattamento dei propri dati. L\u2019utente pu\u00f2 opporsi al trattamento dei propri dati quando esso avviene su una base giuridica diversa dal consenso. Ulteriori dettagli sul diritto di opposizione sono indicati nella sezione sottostante.<\/li><li>Accedere ai propri dati. L\u2019utente ha diritto ad ottenere informazioni sui dati trattati dal Titolare, su detereminati aspetti del trattamento ed a ricevere una copia dei dati trattati.<\/li><li>Verificare e chiedere la rettificazione. L\u2019utente pu\u00f2 verificare la correttezza dei propri dati e richiederne l\u2019aggiornamento o la correzione.<\/li><li>Ottenere la limitazione del trattamento. Quando ricorrono determinate condizioni, l\u2019utente pu\u00f2 richiedere la limitazione del trattamento dei propri dati. In tal caso il titolare non tratter\u00e0 i dati per alcun altro scopo se non la loro conservazione.<\/li><li>Ottenere la cancellazione o rimozione dei propri dati personali. Quando ricorrono determinate condizioni, l\u2019utente pu\u00f2 richiedere la cancellazione dei propri dati da parte del titolare.<\/li><li>Ricevere i propri dati o farli trasferire ad altro titolare. L\u2019utente ha diritto di ricevere i propri dati in formato strutturato, di uso comune e leggibile da dispositivo automatico e, ove tecnicamente fattibile, di ottenerne il trasferimento senza ostacoli ad un altro titolare. Questa disposizione \u00e8 applicabile quando i dati sono trattati con strumenti automatizzati ed il trattamento \u00e8 basato sul consenso dell\u2019utente, su un contratto di cui l\u2019utente \u00e8 parte o su misure contrattuali ad esso connesse.<\/li><li>Proporre reclamo. L\u2019utente pu\u00f2 proporre un reclamo all\u2019autorit\u00e0 di controllo della protezione dei dati personali competente o agire in sede giudiziale.<\/li><\/ul><p><strong>Dettagli sul diritto di opposizione\u00a0<\/strong><\/p><p>Quando i dati personali sono trattati nell\u2019interesse pubblico, nell\u2019esercizio di pubblici poteri di cui \u00e8 investito il titolare oppure per perseguire un interesse legittimo del titolare, gli utenti hanno diritto ad opporsi al trattamento per motivi connessi alla loro situazione particolare. Si fa presente agli utenti che, ove i loro dati fossero trattati con finalit\u00e0 di marketing diretto, possono opporsi al trattamento senza fornire alcuna motivazione. Per scoprire se il titolare tratti dati con finalit\u00e0 di marketing diretto gli Utenti possono fare riferimento alle rispettive sezioni di questo documento.<\/p><p><strong>Come esercitare i diritti<\/strong>\u00a0Per esercitare i diritti dell\u2019utente, gli Utenti possono indirizzare una richiesta agli estremi di contatto del titolare indicati in questo documento. Le richieste sono depositate a titolo gratuito e evase dal titolare nel pi\u00f9 breve tempo possibile, in ogni caso entro un mese.<\/p><p><strong>Ulteriori informazioni sul trattamento<\/strong><\/p><p><strong>Difesa in giudizio<\/strong>\u00a0I dati personali dell\u2019utente possono essere utilizzati da parte del Titolare in giudizio o nelle fasi preparatorie alla sua eventuale instaurazione per la difesa da abusi nell\u2019utilizzo di questo sito web o dei Servizi connessi da parte dell\u2019utente. L\u2019utente dichiara di essere consapevole che il Titolare potrebbe essere obbligato a rivelare i dati per ordine delle autorit\u00e0 pubbliche.<\/p><p><strong>Informative specifiche<\/strong>\u00a0Su richiesta dell\u2019utente, in aggiunta alle informazioni contenute in questa\u00a0<em>privacy policy<\/em>, questo sito web potrebbe fornire all\u2019utente delle informative aggiuntive e contestuali riguardanti servizi specifici, o la raccolta ed il trattamento di dati personali.<\/p><p><strong>Log di sistema e manutenzione<\/strong>\u00a0Per necessit\u00e0 legate al funzionamento ed alla manutenzione, questo sito web e gli eventuali servizi terzi da essa utilizzati potrebbero raccogliere<em>\u00a0log<\/em>\u00a0di sistema, ossia file che registrano le interazioni e che possono contenere anche dati personali, quali l\u2019indirizzo IP utente.<\/p><p><strong>Informazioni non contenute in questa policy<\/strong>\u00a0Ulteriori informazioni in relazione al trattamento dei dati personali potranno essere richieste in qualsiasi momento al Titolare del Trattamento utilizzando gli estremi di contatto.<\/p><p><strong>Risposta alle richieste Do Not Track\u201d<\/strong>\u00a0Questo sito web non supporta le richieste \u201cDo Not Track\u201d. Per scoprire se gli eventuali servizi di terze parti utilizzati le supportino, l\u2019utente \u00e8 invitato a consultare le rispettive\u00a0<em>privacy policy<\/em>.<\/p><p><strong>Modifiche a questa privacy policy<\/strong><\/p><p>Il Titolare del Trattamento si riserva il diritto di apportare modifiche alla presente\u00a0<em>privacy policy<\/em>\u00a0in qualunque momento dandone informazione agli Utenti su questa pagina. Si prega dunque di consultare regolarmente questa pagina, prendendo come riferimento la data di ultima modifica indicata in fondo. Nel caso di mancata accettazione delle modifiche apportate alla presente privacy policy, l\u2019utente \u00e8 tenuto a cessare l\u2019utilizzo di questo Sito Web e pu\u00f2 richiedere al titolare del trattamento di rimuovere i propri dati personali. Salvo quanto diversamente specificato, la precedente\u00a0<em>privacy policy<\/em>\u00a0continuer\u00e0 ad applicarsi ai dati personali sino a quel momento raccolti.<\/p><p><strong>Definizioni e riferimenti legali<\/strong><\/p><p><strong>Dati personali (o dati)<\/strong>\u00a0Costituisce dato personale qualunque informazione che, direttamente o indirettamente, anche in collegamento con qualsiasi altra informazione, ivi compreso un numero di identificazione personale, renda identificata o identificabile una persona fisica.<\/p><p><strong>Dati di utilizzo<\/strong>\u00a0Sono le informazioni raccolte automaticamente attraverso questo sito web (anche da applicazioni di parti terze integrate in questo Sito Web), tra cui: gli indirizzi IP o i nomi a dominio dei computer utilizzati dall\u2019Utente che si connette con questo Sito Web, gli indirizzi in notazione URI (<em>Uniform Resource Identifier<\/em>), l\u2019orario della richiesta, il metodo utilizzato nell\u2019inoltrare la richiesta al server, la dimensione del file ottenuto in risposta, il codice numerico indicante lo stato della risposta dal server (buon fine, errore, ecc.) il paese di provenienza, le caratteristiche del browser e del sistema operativo utilizzati dal visitatore, le varie connotazioni temporali della visita (ad esempio il tempo di permanenza su ciascuna pagina) e i dettagli relativi all\u2019itinerario seguito all\u2019interno dell\u2019applicazione, con particolare riferimento alla sequenza delle pagine consultate, ai parametri relativi al sistema operativo e all\u2019ambiente informatico dell\u2019utente.<\/p><p><strong>Utente<\/strong>\u00a0L\u2019individuo che utilizza questo sito web che, salvo ove diversamente specificato, coincide con l\u2019interessato.<\/p><p><strong>Interessato<\/strong>\u00a0La persona fisica cui si riferiscono i dati personali.<\/p><p>Responsabile del trattamento (o responsabile)<\/p><p>La persona fisica, giuridica, la pubblica amministrazione e qualsiasi altro ente che tratta dati personali per conto del titolare, secondo quanto esposto nella presente\u00a0<em>privacy policy<\/em>. Titolare del trattamento (o titolare) La persona fisica o giuridica, l\u2019autorit\u00e0 pubblica, il servizio o altro organismo che, singolarmente o insieme ad altri, determina le finalit\u00e0 e i mezzi del trattamento di dati personali e gli strumenti adottati, ivi comprese le misure di sicurezza relative al funzionamento ed alla fruizione di questo Sito Web. Il titolare del trattamento, salvo quanto diversamente specificato, \u00e8 il titolare di questo sito web.<\/p><p><strong>Questo sito web (o questa applicazione)<\/strong>\u00a0Lo strumento hardware o software mediante il quale sono raccolti e trattati i dati personali degli utenti.<\/p><p><strong>Servizio<\/strong>\u00a0Il Servizio fornito da questo sito web cos\u00ec come definito nei relativi termini (se presenti) su questo sito\/applicazione.<\/p><p><strong>Unione Europea (o UE)<\/strong>\u00a0Salvo ove diversamente specificato, ogni riferimento all\u2019Unione Europea contenuto in questo documento si intende esteso a tutti gli attuali stati membri dell\u2019Unione Europea e dello Spazio Economico Europeo.<\/p><p><strong>Cookie<\/strong>\u00a0Piccola porzione di dati conservata all\u2019interno del dispositivo dell\u2019utente.<\/p><p>Riferimenti legali La presente informativa\u00a0<em>privacy<\/em>\u00a0\u00e8 redatta sulla base di molteplici ordinamenti legislativi, inclusi gli artt. 13 e 14 del Regolamento (UE) 2016\/679.<\/p><p><strong>Data<\/strong>: 29 Maggio 2024<\/p>\t\t\t\t\t\t\t\t<\/div>\n\t\t\t\t<\/div>\n\t\t\t\t\t<\/div>\n\t\t\t\t<\/div>\n\t\t\t\t<\/div>\n\t\t","protected":false},"excerpt":{"rendered":"<p>Questa pagina raccoglie dati personali dei propri utenti. Titolare del trattamento dei dati: Distribuito in Europa Trans Service 2018 EOOD Bul.Dimitrov BL.38 &#8211; 01172 Sofia Bulgaria Vat BG-205123763 Indirizzo email del titolare: mailto:worldpelletcompany@gmail.com Tipologia di dati raccolti Fra i dati personali raccolti da questa pagina web ed elencati in questa pagina di\u00a0privacy policy, in modo [&hellip;]<\/p>\n","protected":false},"author":1,"featured_media":0,"parent":0,"menu_order":0,"comment_status":"closed","ping_status":"closed","template":"","meta":{"footnotes":""},"class_list":["post-3183","page","type-page","status-publish","hentry"],"_links":{"self":[{"href":"https:\/\/www.worldpelletcompany.com\/index.php?rest_route=\/wp\/v2\/pages\/3183","targetHints":{"allow":["GET"]}}],"collection":[{"href":"https:\/\/www.worldpelletcompany.com\/index.php?rest_route=\/wp\/v2\/pages"}],"about":[{"href":"https:\/\/www.worldpelletcompany.com\/index.php?rest_route=\/wp\/v2\/types\/page"}],"author":[{"embeddable":true,"href":"https:\/\/www.worldpelletcompany.com\/index.php?rest_route=\/wp\/v2\/users\/1"}],"replies":[{"embeddable":true,"href":"https:\/\/www.worldpelletcompany.com\/index.php?rest_route=%2Fwp%2Fv2%2Fcomments&post=3183"}],"version-history":[{"count":5,"href":"https:\/\/www.worldpelletcompany.com\/index.php?rest_route=\/wp\/v2\/pages\/3183\/revisions"}],"predecessor-version":[{"id":3188,"href":"https:\/\/www.worldpelletcompany.com\/index.php?rest_route=\/wp\/v2\/pages\/3183\/revisions\/3188"}],"wp:attachment":[{"href":"https:\/\/www.worldpelletcompany.com\/index.php?rest_route=%2Fwp%2Fv2%2Fmedia&parent=3183"}],"curies":[{"name":"wp","href":"https:\/\/api.w.org\/{rel}","templated":true}]}}